{"id":2,"date":"2025-01-20T13:26:06","date_gmt":"2025-01-20T12:26:06","guid":{"rendered":"http:\/\/172.16.99.210\/wordpress\/?page_id=2"},"modified":"2026-01-26T22:12:57","modified_gmt":"2026-01-26T21:12:57","slug":"beispiel-seite","status":"publish","type":"page","link":"https:\/\/lives.aleiser.de\/?page_id=2","title":{"rendered":"Unser Verein"},"content":{"rendered":"\n<blockquote class=\"wp-block-quote is-layout-flow wp-block-quote-is-layout-flow\">\n<p>&#8222;Eine Siedlung, auch Ansiedlung, Ort oder Ortschaft, abgek\u00fcrzt Sdl. oder SDL, ist ein geographischer Ort, an dem sich Menschen niedergelassen haben und zum Zwecke des Wohnens und Arbeitens zusammen leben.&#8220;   <\/p>\n<\/blockquote>\n\n\n\n<div class=\"wp-block-group is-layout-grid wp-container-core-group-is-layout-9649a0d9 wp-block-group-is-layout-grid\">\n<figure class=\"wp-block-image size-large\"><img loading=\"lazy\" decoding=\"async\" width=\"1024\" height=\"768\" src=\"https:\/\/www2.pension-zur-weide.de\/wordpress\/wp-content\/uploads\/2025\/03\/IMG_4917-1024x768.jpg\" alt=\"\" class=\"wp-image-62\" srcset=\"https:\/\/lives.aleiser.de\/wp-content\/uploads\/2025\/03\/IMG_4917-1024x768.jpg 1024w, https:\/\/lives.aleiser.de\/wp-content\/uploads\/2025\/03\/IMG_4917-300x225.jpg 300w, https:\/\/lives.aleiser.de\/wp-content\/uploads\/2025\/03\/IMG_4917-768x576.jpg 768w, https:\/\/lives.aleiser.de\/wp-content\/uploads\/2025\/03\/IMG_4917-1536x1152.jpg 1536w, https:\/\/lives.aleiser.de\/wp-content\/uploads\/2025\/03\/IMG_4917-2048x1536.jpg 2048w\" sizes=\"auto, (max-width: 1024px) 100vw, 1024px\" \/><figcaption class=\"wp-element-caption\"><strong>Aktuelles<\/strong><\/figcaption><\/figure>\n\n\n\n<figure class=\"wp-block-image size-large\"><img loading=\"lazy\" decoding=\"async\" width=\"1024\" height=\"768\" src=\"https:\/\/www2.pension-zur-weide.de\/wordpress\/wp-content\/uploads\/2025\/03\/IMG_4914-1024x768.jpg\" alt=\"\" class=\"wp-image-59\" srcset=\"https:\/\/lives.aleiser.de\/wp-content\/uploads\/2025\/03\/IMG_4914-1024x768.jpg 1024w, https:\/\/lives.aleiser.de\/wp-content\/uploads\/2025\/03\/IMG_4914-300x225.jpg 300w, https:\/\/lives.aleiser.de\/wp-content\/uploads\/2025\/03\/IMG_4914-768x576.jpg 768w, https:\/\/lives.aleiser.de\/wp-content\/uploads\/2025\/03\/IMG_4914-1536x1152.jpg 1536w, https:\/\/lives.aleiser.de\/wp-content\/uploads\/2025\/03\/IMG_4914-2048x1536.jpg 2048w\" sizes=\"auto, (max-width: 1024px) 100vw, 1024px\" \/><\/figure>\n<\/div>\n\n\n\n<div class=\"wp-block-group is-nowrap is-layout-flex wp-container-core-group-is-layout-ad2f72ca wp-block-group-is-layout-flex\">\n<p>Ich m\u00f6chte auf dieser Seite \u00fcber das Leben in einer Siedlung am Rande einer kleinen Stadt berichten. Au\u00dferdem sollen hier hin und wieder <br>Doch manche Menschen sind eigentlich sehr interessiert am Leben der anderen. Sonst w\u00fcrden nicht so viele Filme \u00fcber dieses andere Leben gedreht oder B\u00fccher dar\u00fcber geschrieben und dieses auch konsumiert werden.<\/p>\n\n\n\n<div class=\"wp-block-uagb-info-box uagb-block-df650779 uagb-infobox__content-wrap  uagb-infobox-icon-above-title uagb-infobox-image-valign-top\"><div class=\"uagb-ifb-content\"><div class=\"uagb-ifb-icon-wrap\"><svg xmlns=\"https:\/\/www.w3.org\/2000\/svg\" viewBox=\"0 0 512 512\"><path d=\"M0 256C0 114.6 114.6 0 256 0C397.4 0 512 114.6 512 256C512 397.4 397.4 512 256 512C114.6 512 0 397.4 0 256zM371.8 211.8C382.7 200.9 382.7 183.1 371.8 172.2C360.9 161.3 343.1 161.3 332.2 172.2L224 280.4L179.8 236.2C168.9 225.3 151.1 225.3 140.2 236.2C129.3 247.1 129.3 264.9 140.2 275.8L204.2 339.8C215.1 350.7 232.9 350.7 243.8 339.8L371.8 211.8z\"><\/path><\/svg><\/div><div class=\"uagb-ifb-title-wrap\"><h3 class=\"uagb-ifb-title\">Info Box<\/h3><\/div><p class=\"uagb-ifb-desc\">Click here to change this text. Lorem ipsum dolor sit amet, consectetur adipiscing elit. Ut elit tellus, luctus nec ullamcorper mattis, pulvinar dapibus leo.<\/p><\/div><\/div>\n<\/div>\n\n\n\n<p>Und diesem nat\u00fcrlichen Wissensdrang wollen wir hier gerne nachkommen, uns vorstellen und hin und wieder Neues aus der Siedlung, aus Bitterfeld oder der Umgebung berichten oder einfach nur Meinungen zum Zeitgeschehen vortragen.<\/p>\n\n\n\n<p>Wir sind eine Siedlung in der vormals als Dreckschleuder ersten Ranges bekannten Stadt <a href=\"http:\/\/www.bitterfeld-wolfen.de\/\" target=\"_blank\" rel=\"noreferrer noopener\">Bitterfeld<\/a>. Das mit der Dreckschleuder ist aber bald schon mehr als 25 Jahre her. Seither hat sich auf dem Gebiet der gesunden und nat\u00fcrlichen Umwelt so manches getan. Es l\u00e4sst sich wieder ganz gut leben in unserer Siedlung. Das liegt auch viel an jedem selbst, wie er sich seine eigene Umgebung gestaltet.<\/p>\n\n\n\n<p>Viele Geb\u00e4ude in der Siedlung sind in privatem Einzelbesitz, ein gro\u00dfer Bereich geh\u00f6rt zu einem privaten Investor, welcher in den letzten Jahren eine Vielzahl von H\u00e4usern frisch saniert hat. Damit wurde freilich das allgemeine Erscheinungsbild stark aufgewertet. Unsere Siedlung liegt im westlichen Teil des kleinen Industriest\u00e4dtchens Bitterfeld, eingezw\u00e4ngt zwischen zwei viel befahrenen Fernstra\u00dfen.<\/p>\n\n\n\n<p>Damit Sie sich ein Bild machen k\u00f6nnen , wo wir denn genau zu finden sind, sei hier ein Kartenausschnitt gezeigt:<\/p>\n\n\n\n<div class=\"wp-block-columns is-layout-flex wp-container-core-columns-is-layout-9d6595d7 wp-block-columns-is-layout-flex\">\n<div class=\"wp-block-column is-layout-flow wp-block-column-is-layout-flow\" style=\"flex-basis:66.66%\"><\/div>\n\n\n\n<div class=\"wp-block-column is-layout-flow wp-block-column-is-layout-flow\" style=\"flex-basis:33.33%\"><ul class=\"wp-block-latest-posts__list wp-block-latest-posts\"><li><a class=\"wp-block-latest-posts__post-title\" href=\"https:\/\/lives.aleiser.de\/?p=26\">Das ist ein neuer Beitrag als Test<\/a><\/li>\n<li><a class=\"wp-block-latest-posts__post-title\" href=\"https:\/\/lives.aleiser.de\/?p=1\">Hallo Welt!<\/a><\/li>\n<\/ul><\/div>\n<\/div>\n","protected":false},"excerpt":{"rendered":"<p>&#8222;Eine Siedlung, auch Ansiedlung, Ort oder Ortschaft, abgek\u00fcrzt Sdl. oder SDL, ist ein geographischer Ort, an dem sich Menschen niedergelassen haben und zum Zwecke des Wohnens und Arbeitens zusammen leben.&#8220; Ich m\u00f6chte auf dieser Seite \u00fcber das Leben in einer Siedlung am Rande einer kleinen Stadt berichten. Au\u00dferdem sollen hier hin und wieder Doch manche [&hellip;]<\/p>\n","protected":false},"author":1,"featured_media":0,"parent":0,"menu_order":0,"comment_status":"closed","ping_status":"open","template":"","meta":{"_uag_custom_page_level_css":"","_kadence_starter_templates_imported_post":false,"footnotes":""},"class_list":["post-2","page","type-page","status-publish","hentry"],"uagb_featured_image_src":{"full":false,"thumbnail":false,"medium":false,"medium_large":false,"large":false,"1536x1536":false,"2048x2048":false},"uagb_author_info":{"display_name":"fal76","author_link":"https:\/\/lives.aleiser.de\/?author=1"},"uagb_comment_info":0,"uagb_excerpt":"&#8222;Eine Siedlung, auch Ansiedlung, Ort oder Ortschaft, abgek\u00fcrzt Sdl. oder SDL, ist ein geographischer Ort, an dem sich Menschen niedergelassen haben und zum Zwecke des Wohnens und Arbeitens zusammen leben.&#8220; Ich m\u00f6chte auf dieser Seite \u00fcber das Leben in einer Siedlung am Rande einer kleinen Stadt berichten. Au\u00dferdem sollen hier hin und wieder Doch manche&hellip;","_links":{"self":[{"href":"https:\/\/lives.aleiser.de\/index.php?rest_route=\/wp\/v2\/pages\/2","targetHints":{"allow":["GET"]}}],"collection":[{"href":"https:\/\/lives.aleiser.de\/index.php?rest_route=\/wp\/v2\/pages"}],"about":[{"href":"https:\/\/lives.aleiser.de\/index.php?rest_route=\/wp\/v2\/types\/page"}],"author":[{"embeddable":true,"href":"https:\/\/lives.aleiser.de\/index.php?rest_route=\/wp\/v2\/users\/1"}],"replies":[{"embeddable":true,"href":"https:\/\/lives.aleiser.de\/index.php?rest_route=%2Fwp%2Fv2%2Fcomments&post=2"}],"version-history":[{"count":12,"href":"https:\/\/lives.aleiser.de\/index.php?rest_route=\/wp\/v2\/pages\/2\/revisions"}],"predecessor-version":[{"id":248,"href":"https:\/\/lives.aleiser.de\/index.php?rest_route=\/wp\/v2\/pages\/2\/revisions\/248"}],"wp:attachment":[{"href":"https:\/\/lives.aleiser.de\/index.php?rest_route=%2Fwp%2Fv2%2Fmedia&parent=2"}],"curies":[{"name":"wp","href":"https:\/\/api.w.org\/{rel}","templated":true}]}}