{"id":10,"date":"2025-01-28T13:36:45","date_gmt":"2025-01-28T12:36:45","guid":{"rendered":"https:\/\/www2.pension-zur-weide.de\/wordpress\/?page_id=10"},"modified":"2026-01-26T18:46:40","modified_gmt":"2026-01-26T17:46:40","slug":"die-kraftwerkssiedlung","status":"publish","type":"page","link":"https:\/\/lives.aleiser.de\/?page_id=10","title":{"rendered":"Unsere Siedlung"},"content":{"rendered":"\n<p>Eine Wohnsiedlung, irgendwo in Deutschland<\/p>\n\n\n\n<figure class=\"wp-block-image size-full is-resized\"><img loading=\"lazy\" decoding=\"async\" width=\"760\" height=\"166\" src=\"https:\/\/www2.pension-zur-weide.de\/wordpress\/wp-content\/uploads\/2025\/02\/titelbild1.png\" alt=\"Titelbild\" class=\"wp-image-18\" style=\"width:800px;height:auto\"\/><\/figure>\n\n\n\n<div class=\"wp-block-group alignfull\" style=\"margin-top:0;margin-bottom:0;padding-top:var(--wp--preset--spacing--50);padding-bottom:var(--wp--preset--spacing--50)\"><div class=\"wp-block-group__inner-container is-layout-constrained wp-block-group-is-layout-constrained\">\n<h2 class=\"wp-block-heading alignwide\">Unsere Dienstleistungen<\/h2>\n\n\n\n<div class=\"wp-block-columns alignwide is-layout-flex wp-container-core-columns-is-layout-9d6595d7 wp-block-columns-is-layout-flex\">\n<div class=\"wp-block-column is-layout-flow wp-block-column-is-layout-flow\">\n<figure class=\"wp-block-image size-full\" style=\"margin-bottom:24px\"><img decoding=\"async\" src=\"https:\/\/www2.pension-zur-weide.de\/wordpress\/wp-content\/themes\/twentytwentyfive\/assets\/images\/campanula-alliariifolia-flower.webp\" alt=\"Bild f\u00fcr die Dienstleistung\" style=\"aspect-ratio:4\/3;object-fit:cover\"\/><\/figure>\n\n\n\n<h3 class=\"wp-block-heading\">Sammeln<\/h3>\n\n\n\n<p class=\"has-medium-font-size\">Wie Blumen, die an unerwarteten Orten bl\u00fchen, entfaltet sich jede Geschichte mit Sch\u00f6nheit und Widerstandsf\u00e4higkeit<\/p>\n<\/div>\n\n\n\n<div class=\"wp-block-column is-layout-flow wp-block-column-is-layout-flow\">\n<figure class=\"wp-block-image size-full\" style=\"margin-bottom:24px\"><img decoding=\"async\" src=\"https:\/\/www2.pension-zur-weide.de\/wordpress\/wp-content\/themes\/twentytwentyfive\/assets\/images\/delphinium-flowers.webp\" alt=\"Bild f\u00fcr die Dienstleistung\" style=\"aspect-ratio:4\/3;object-fit:cover\"\/><\/figure>\n\n\n\n<h3 class=\"wp-block-heading\">Zusammenstellen<\/h3>\n\n\n\n<p class=\"has-medium-font-size\">Wie Blumen, die an unerwarteten Orten bl\u00fchen, entfaltet sich jede Geschichte mit Sch\u00f6nheit und Widerstandsf\u00e4higkeit<\/p>\n<\/div>\n\n\n\n<div class=\"wp-block-column is-layout-flow wp-block-column-is-layout-flow\">\n<figure class=\"wp-block-image size-full\" style=\"margin-bottom:24px\"><img decoding=\"async\" src=\"https:\/\/www2.pension-zur-weide.de\/wordpress\/wp-content\/themes\/twentytwentyfive\/assets\/images\/star-thristle-flower.webp\" alt=\"Bild f\u00fcr die Dienstleistung\" style=\"aspect-ratio:4\/3;object-fit:cover\"\/><\/figure>\n\n\n\n<h3 class=\"wp-block-heading\">Liefern<\/h3>\n\n\n\n<p class=\"has-medium-font-size\">Wie Blumen, die an unerwarteten Orten bl\u00fchen, entfaltet sich jede Geschichte mit Sch\u00f6nheit und Widerstandsf\u00e4higkeit<\/p>\n<\/div>\n<\/div>\n<\/div><\/div>\n\n\n\n<div class=\"wp-block-group alignfull\" style=\"margin-top:0;margin-bottom:0;padding-top:var(--wp--preset--spacing--60);padding-bottom:var(--wp--preset--spacing--60)\"><div class=\"wp-block-group__inner-container is-layout-constrained wp-block-group-is-layout-constrained\">\n<div class=\"wp-block-columns alignwide is-layout-flex wp-container-core-columns-is-layout-8e1be784 wp-block-columns-is-layout-flex\">\n<div class=\"wp-block-column is-layout-flow wp-block-column-is-layout-flow\">\n<div class=\"wp-block-group is-vertical is-content-justification-left is-layout-flex wp-container-core-group-is-layout-126d0a7d wp-block-group-is-layout-flex\" style=\"min-height:100%\">\n<h2 class=\"wp-block-heading is-style-text-annotation has-x-small-font-size\">Was die Leute sagen<\/h2>\n\n\n\n<blockquote class=\"wp-block-quote is-style-plain has-x-large-font-size is-layout-flow wp-block-quote-is-layout-flow\" style=\"font-style:normal;font-weight:400\">\n<div class=\"wp-block-group is-content-justification-left\" style=\"margin-top:0;margin-bottom:0;padding-top:0;padding-right:0;padding-bottom:0;padding-left:0\"><div class=\"wp-block-group__inner-container is-layout-constrained wp-container-core-group-is-layout-49a82107 wp-block-group-is-layout-constrained\">\n<p class=\"has-xx-large-font-size\">\u201eHervorragendes Produkt und toller Kundenservice!\u201c<\/p>\n<\/div><\/div>\n<cite>Jo Mulligan <br><sub>Atlanta, GA<\/sub><\/cite><\/blockquote>\n<\/div>\n<\/div>\n\n\n\n<div class=\"wp-block-column is-layout-flow wp-block-column-is-layout-flow\" style=\"padding-top:0;padding-right:0;padding-bottom:0;padding-left:0\">\n<figure class=\"wp-block-image size-large\"><img decoding=\"async\" src=\"https:\/\/www2.pension-zur-weide.de\/wordpress\/wp-content\/themes\/twentytwentyfive\/assets\/images\/typewriter.webp\" alt=\"Bild einer Person, die auf einer Schreibmaschine tippt.\" style=\"aspect-ratio:1;object-fit:cover\"\/><\/figure>\n<\/div>\n<\/div>\n<\/div><\/div>\n\n\n\n<div class=\"wp-block-group alignfull\" style=\"margin-top:0;margin-bottom:0;padding-top:var(--wp--preset--spacing--60);padding-bottom:var(--wp--preset--spacing--60)\"><div class=\"wp-block-group__inner-container is-layout-constrained wp-block-group-is-layout-constrained\">\n<h2 class=\"wp-block-heading alignwide has-text-align-center\">Preise<\/h2>\n\n\n\n<p class=\"has-text-align-center\">Du kannst jederzeit abbrechen oder pausieren.<\/p>\n\n\n\n<div style=\"height:var(--wp--preset--spacing--40)\" aria-hidden=\"true\" class=\"wp-block-spacer\"><\/div>\n\n\n\n<div class=\"wp-block-columns alignwide is-layout-flex wp-container-core-columns-is-layout-e72e5afa wp-block-columns-is-layout-flex\">\n<div class=\"wp-block-column has-border-color is-layout-flow wp-block-column-is-layout-flow\" style=\"border-color:var(--wp--preset--color--accent-6);border-width:1px;border-radius:10px;padding-top:var(--wp--preset--spacing--50);padding-right:var(--wp--preset--spacing--50);padding-bottom:var(--wp--preset--spacing--50);padding-left:var(--wp--preset--spacing--50)\">\n<h3 class=\"wp-block-heading\" id=\"free\">Kostenlos<\/h3>\n\n\n\n<p class=\"has-large-font-size\">0&nbsp;\u20ac<\/p>\n\n\n\n<ul style=\"padding-bottom:var(--wp--preset--spacing--20);padding-left:var(--wp--preset--spacing--20)\" class=\"wp-block-list is-style-checkmark-list has-small-font-size\">\n<li>Erhalte Zugang zu unseren bezahlten Artikeln und unserem w\u00f6chentlichen Newsletter.<\/li>\n\n\n\n<li>Nimm an unseren IRL-Veranstaltungen teil.<\/li>\n\n\n\n<li>Erhalte eine kostenlose Tragetasche.<\/li>\n\n\n\n<li>Eine elegante Erg\u00e4nzung der Wohnkultur-Kollektion.<\/li>\n\n\n\n<li>Tritt unseren Foren bei.<\/li>\n<\/ul>\n\n\n\n<div class=\"wp-block-buttons is-content-justification-center is-layout-flex wp-container-core-buttons-is-layout-16018d1d wp-block-buttons-is-layout-flex\">\n<div class=\"wp-block-button has-custom-width wp-block-button__width-100\"><a class=\"wp-block-button__link wp-element-button\">Beitreten<\/a><\/div>\n<\/div>\n<\/div>\n\n\n\n<div class=\"wp-block-column has-border-color is-layout-flow wp-block-column-is-layout-flow\" style=\"border-color:var(--wp--preset--color--accent-6);border-width:1px;border-radius:10px;padding-top:var(--wp--preset--spacing--50);padding-right:var(--wp--preset--spacing--50);padding-bottom:var(--wp--preset--spacing--50);padding-left:var(--wp--preset--spacing--50)\">\n<h3 class=\"wp-block-heading\" id=\"single\">Einzeln<\/h3>\n\n\n\n<p class=\"has-large-font-size\">20&nbsp;\u20ac\/Monat<\/p>\n\n\n\n<ul style=\"padding-bottom:var(--wp--preset--spacing--20);padding-left:var(--wp--preset--spacing--20)\" class=\"wp-block-list is-style-checkmark-list has-small-font-size\">\n<li>Erhalte Zugang zu unseren bezahlten Artikeln und unserem w\u00f6chentlichen Newsletter.<\/li>\n\n\n\n<li>Nimm an unseren IRL-Veranstaltungen teil.<\/li>\n\n\n\n<li>Erhalte eine kostenlose Tragetasche.<\/li>\n\n\n\n<li>Eine elegante Erg\u00e4nzung der Wohnkultur-Kollektion.<\/li>\n\n\n\n<li>Tritt unseren Foren bei.<\/li>\n<\/ul>\n\n\n\n<div class=\"wp-block-buttons is-content-justification-center is-layout-flex wp-container-core-buttons-is-layout-16018d1d wp-block-buttons-is-layout-flex\">\n<div class=\"wp-block-button has-custom-width wp-block-button__width-100\"><a class=\"wp-block-button__link wp-element-button\">Beitreten<\/a><\/div>\n<\/div>\n<\/div>\n<\/div>\n<\/div><\/div>\n\n\n\n<aside class=\"wp-block-group alignfull is-style-section-3\" style=\"margin-top:0;margin-bottom:0;padding-top:var(--wp--preset--spacing--50);padding-right:var(--wp--preset--spacing--50);padding-bottom:var(--wp--preset--spacing--50);padding-left:var(--wp--preset--spacing--50)\"><div class=\"wp-block-group__inner-container is-layout-constrained wp-container-core-group-is-layout-f69f53e0 wp-block-group-is-layout-constrained\">\n<div class=\"wp-block-group is-vertical is-content-justification-center is-layout-flex wp-container-core-group-is-layout-2e2aa035 wp-block-group-is-layout-flex\" style=\"min-height:360px;margin-top:0;margin-bottom:0\">\n<h2 class=\"wp-block-heading has-text-align-center has-xx-large-font-size\">Melde dich an, um t\u00e4gliche Geschichten zu erhalten<\/h2>\n\n\n\n<p class=\"has-text-align-center is-style-text-subtitle\">Erhalte Zugang zu einer kuratierten Sammlung von Momenten in der Zeit mit Fotos von historischer Bedeutung.<\/p>\n\n\n\n<div style=\"height:0px\" aria-hidden=\"true\" class=\"wp-block-spacer wp-container-content-62aae154\"><\/div>\n\n\n\n<div class=\"wp-block-buttons is-content-justification-center is-layout-flex wp-container-core-buttons-is-layout-16018d1d wp-block-buttons-is-layout-flex\">\n<div class=\"wp-block-button\"><a class=\"wp-block-button__link has-text-align-center wp-element-button\">Abonnieren<\/a><\/div>\n<\/div>\n<\/div>\n<\/div><\/aside>\n","protected":false},"excerpt":{"rendered":"<p>Eine Wohnsiedlung, irgendwo in Deutschland Unsere Dienstleistungen Sammeln Wie Blumen, die an unerwarteten Orten bl\u00fchen, entfaltet sich jede Geschichte mit Sch\u00f6nheit und Widerstandsf\u00e4higkeit Zusammenstellen Wie Blumen, die an unerwarteten Orten bl\u00fchen, entfaltet sich jede Geschichte mit Sch\u00f6nheit und Widerstandsf\u00e4higkeit Liefern Wie Blumen, die an unerwarteten Orten bl\u00fchen, entfaltet sich jede Geschichte mit Sch\u00f6nheit und Widerstandsf\u00e4higkeit [&hellip;]<\/p>\n","protected":false},"author":1,"featured_media":18,"parent":0,"menu_order":0,"comment_status":"closed","ping_status":"closed","template":"","meta":{"_uag_custom_page_level_css":"","_kadence_starter_templates_imported_post":false,"footnotes":""},"class_list":["post-10","page","type-page","status-publish","has-post-thumbnail","hentry"],"uagb_featured_image_src":{"full":["https:\/\/lives.aleiser.de\/wp-content\/uploads\/2025\/02\/titelbild1.png",760,166,false],"thumbnail":["https:\/\/lives.aleiser.de\/wp-content\/uploads\/2025\/02\/titelbild1.png",150,33,false],"medium":["https:\/\/lives.aleiser.de\/wp-content\/uploads\/2025\/02\/titelbild1.png",300,66,false],"medium_large":["https:\/\/lives.aleiser.de\/wp-content\/uploads\/2025\/02\/titelbild1.png",760,166,false],"large":["https:\/\/lives.aleiser.de\/wp-content\/uploads\/2025\/02\/titelbild1.png",760,166,false],"1536x1536":["https:\/\/lives.aleiser.de\/wp-content\/uploads\/2025\/02\/titelbild1.png",760,166,false],"2048x2048":["https:\/\/lives.aleiser.de\/wp-content\/uploads\/2025\/02\/titelbild1.png",760,166,false]},"uagb_author_info":{"display_name":"fal76","author_link":"https:\/\/lives.aleiser.de\/?author=1"},"uagb_comment_info":0,"uagb_excerpt":"Eine Wohnsiedlung, irgendwo in Deutschland Unsere Dienstleistungen Sammeln Wie Blumen, die an unerwarteten Orten bl\u00fchen, entfaltet sich jede Geschichte mit Sch\u00f6nheit und Widerstandsf\u00e4higkeit Zusammenstellen Wie Blumen, die an unerwarteten Orten bl\u00fchen, entfaltet sich jede Geschichte mit Sch\u00f6nheit und Widerstandsf\u00e4higkeit Liefern Wie Blumen, die an unerwarteten Orten bl\u00fchen, entfaltet sich jede Geschichte mit Sch\u00f6nheit und Widerstandsf\u00e4higkeit&hellip;","_links":{"self":[{"href":"https:\/\/lives.aleiser.de\/index.php?rest_route=\/wp\/v2\/pages\/10","targetHints":{"allow":["GET"]}}],"collection":[{"href":"https:\/\/lives.aleiser.de\/index.php?rest_route=\/wp\/v2\/pages"}],"about":[{"href":"https:\/\/lives.aleiser.de\/index.php?rest_route=\/wp\/v2\/types\/page"}],"author":[{"embeddable":true,"href":"https:\/\/lives.aleiser.de\/index.php?rest_route=\/wp\/v2\/users\/1"}],"replies":[{"embeddable":true,"href":"https:\/\/lives.aleiser.de\/index.php?rest_route=%2Fwp%2Fv2%2Fcomments&post=10"}],"version-history":[{"count":6,"href":"https:\/\/lives.aleiser.de\/index.php?rest_route=\/wp\/v2\/pages\/10\/revisions"}],"predecessor-version":[{"id":211,"href":"https:\/\/lives.aleiser.de\/index.php?rest_route=\/wp\/v2\/pages\/10\/revisions\/211"}],"wp:featuredmedia":[{"embeddable":true,"href":"https:\/\/lives.aleiser.de\/index.php?rest_route=\/wp\/v2\/media\/18"}],"wp:attachment":[{"href":"https:\/\/lives.aleiser.de\/index.php?rest_route=%2Fwp%2Fv2%2Fmedia&parent=10"}],"curies":[{"name":"wp","href":"https:\/\/api.w.org\/{rel}","templated":true}]}}